{"id":37,"date":"2015-12-16T06:37:28","date_gmt":"2015-12-16T06:37:28","guid":{"rendered":"http:\/\/demo.themeton.com\/nrgrestaurant\/?page_id=6"},"modified":"2026-03-27T09:45:47","modified_gmt":"2026-03-27T09:45:47","slug":"home-page","status":"publish","type":"page","link":"https:\/\/estime-restaurant.com\/","title":{"rendered":"Home page"},"content":{"rendered":"<p>[vc_row full_width=\u00a0\u00bbstretch_row_content_no_spaces\u00a0\u00bb equal_height=\u00a0\u00bbyes\u00a0\u00bb content_placement=\u00a0\u00bbmiddle\u00a0\u00bb one_page_section=\u00a0\u00bbyes\u00a0\u00bb css=\u00a0\u00bb.vc_custom_1639666279163{margin-bottom: 0px !important;}\u00a0\u00bb el_class=\u00a0\u00bbresponsive-border\u00a0\u00bb][vc_column]\n\t\t\t<!-- START ETE REVOLUTION SLIDER 6.5.11 --><p class=\"rs-p-wp-fix\"><\/p>\n\t\t\t<rs-module-wrap id=\"rev_slider_3_1_wrapper\" data-source=\"gallery\" style=\"visibility:hidden;background:transparent;padding:0;margin:0px auto;margin-top:0;margin-bottom:0;\">\n\t\t\t\t<rs-module id=\"rev_slider_3_1\" style=\"\" data-version=\"6.5.11\">\n\t\t\t\t\t<rs-slides>\n\t\t\t\t\t\t<rs-slide style=\"position: absolute;\" data-key=\"rs-4\" data-title=\"Slide\" data-in=\"o:1;x:(100%);\" data-out=\"sx:0.85;sy:0.85;\">\n\t\t\t\t\t\t\t<img decoding=\"async\" src=\"\/\/estime-restaurant.com\/wp-content\/plugins\/revslider\/public\/assets\/assets\/dummy.png\" alt=\"Slide\" title=\"Home page\" class=\"rev-slidebg tp-rs-img rs-lazyload\" data-lazyload=\"\/\/estime-restaurant.com\/wp-content\/plugins\/revslider\/public\/assets\/assets\/transparent.png\" data-no-retina>\n<!--\n\t\t\t\t\t\t\t--><rs-layer\n\t\t\t\t\t\t\t\tid=\"slider-3-slide-4-layer-0\" \n\t\t\t\t\t\t\t\tdata-type=\"text\"\n\t\t\t\t\t\t\t\tdata-rsp_ch=\"on\"\n\t\t\t\t\t\t\t\tdata-xy=\"x:c;xo:2px,0,-2px,0;y:m;yo:-21px,0,-16px,0;\"\n\t\t\t\t\t\t\t\tdata-text=\"w:normal;s:41,36,39,32;l:51,46,52,44;a:center;\"\n\t\t\t\t\t\t\t\tdata-dim=\"w:874,478px,550px,329px;h:110,auto,auto,auto;\"\n\t\t\t\t\t\t\t\tdata-frame_999=\"o:0;st:w;\"\n\t\t\t\t\t\t\t\tstyle=\"z-index:10;font-family:'Roboto';\"\n\t\t\t\t\t\t\t><strong>Nous sommes ouverts du mardi au samedi<br \/>\n de 12h \u00e0 14h & de 19h \u00e0 22h <\/strong> \n\t\t\t\t\t\t\t<\/rs-layer><!--\n\n\t\t\t\t\t\t\t--><rs-layer\n\t\t\t\t\t\t\t\tid=\"slider-3-slide-4-layer-1\" \n\t\t\t\t\t\t\t\tdata-type=\"image\"\n\t\t\t\t\t\t\t\tdata-xy=\"xo:2px,-160px,0,0;yo:-39px,-41px,-40px,-40px;\"\n\t\t\t\t\t\t\t\tdata-text=\"w:normal;s:20,16,12,7;l:0,20,15,9;\"\n\t\t\t\t\t\t\t\tdata-dim=\"w:['100%','100%','100%','100%'];h:['100%','100%','100%','100%'];\"\n\t\t\t\t\t\t\t\tdata-basealign=\"slide\"\n\t\t\t\t\t\t\t\tdata-rsp_o=\"off\"\n\t\t\t\t\t\t\t\tdata-rsp_bd=\"off\"\n\t\t\t\t\t\t\t\tdata-frame_999=\"o:0;st:w;\"\n\t\t\t\t\t\t\t\tstyle=\"z-index:8;\"\n\t\t\t\t\t\t\t><img loading=\"lazy\" decoding=\"async\" src=\"\/\/estime-restaurant.com\/wp-content\/plugins\/revslider\/public\/assets\/assets\/dummy.png\" class=\"tp-rs-img rs-lazyload\" width=\"2000\" height=\"1126\" data-lazyload=\"\/\/estime-restaurant.com\/wp-content\/uploads\/2022\/01\/restaurant-estime-rennes-bistronomique-facade.jpg\" data-c=\"cover-proportional\" data-no-retina> \n\t\t\t\t\t\t\t<\/rs-layer><!--\n\n\t\t\t\t\t\t\t--><rs-layer\n\t\t\t\t\t\t\t\tid=\"slider-3-slide-4-layer-2\" \n\t\t\t\t\t\t\t\tdata-type=\"shape\"\n\t\t\t\t\t\t\t\tdata-rsp_ch=\"on\"\n\t\t\t\t\t\t\t\tdata-xy=\"xo:-499px,-728px,-729px,-449px;yo:-72px,-45px,-28px,-17px;\"\n\t\t\t\t\t\t\t\tdata-text=\"w:normal;s:20,16,12,7;l:0,20,15,9;\"\n\t\t\t\t\t\t\t\tdata-dim=\"w:2245px,2459px,2253px,1390px;h:1079px,891px,1014px,625px;\"\n\t\t\t\t\t\t\t\tdata-frame_999=\"o:0;st:w;\"\n\t\t\t\t\t\t\t\tstyle=\"z-index:9;background-color:rgba(0,0,0,0.09);\"\n\t\t\t\t\t\t\t> \n\t\t\t\t\t\t\t<\/rs-layer><!--\n\n\t\t\t\t\t\t\t--><rs-layer\n\t\t\t\t\t\t\t\tid=\"slider-3-slide-4-layer-3\" \n\t\t\t\t\t\t\t\tclass=\"rev-btn\"\n\t\t\t\t\t\t\t\tdata-type=\"button\"\n\t\t\t\t\t\t\t\tdata-color=\"#0c0c0c||#03394d||#03394d||#03394d\"\n\t\t\t\t\t\t\t\tdata-rsp_ch=\"on\"\n\t\t\t\t\t\t\t\tdata-xy=\"xo:511px,385px,263px,107px;yo:500px,473px,562px,477px;\"\n\t\t\t\t\t\t\t\tdata-text=\"w:normal;s:18,18,16,17;l:23,23,21,23;ls:1,0,0,0;\"\n\t\t\t\t\t\t\t\tdata-dim=\"minh:0,none,none,none;\"\n\t\t\t\t\t\t\t\tdata-actions='id:reserver;o:click;a:scrollto;offset:50px;sp:1000ms;e:power1.inOut;'\n\t\t\t\t\t\t\t\tdata-padding=\"t:13,14,13,14;r:39,40,39,42;b:13,14,13,14;l:39,40,39,42;\"\n\t\t\t\t\t\t\t\tdata-border=\"boc:rgba(255,255,255,0.35);bow:1px,1px,1px,1px;bor:30px,30px,30px,30px;\"\n\t\t\t\t\t\t\t\tdata-frame_999=\"o:0;st:w;\"\n\t\t\t\t\t\t\t\tdata-frame_hover=\"c:#000;bgc:#fff;boc:rgba(255,255,255,0.75);bor:30px,30px,30px,30px;bow:1px,1px,1px,1px;sp:200;e:power1.inOut;\"\n\t\t\t\t\t\t\t\tstyle=\"z-index:11;background-color:rgba(255,255,255,0.75);font-family:'Lato';text-transform:uppercase;\"\n\t\t\t\t\t\t\t>R\u00e9server une table <i class=\"fa-chevron-right\"><\/i> \n\t\t\t\t\t\t\t<\/rs-layer><!--\n-->\t\t\t\t\t\t<\/rs-slide>\n\t\t\t\t\t<\/rs-slides>\n\t\t\t\t<\/rs-module>\n\t\t\t\t<script type=\"text\/javascript\">\n\t\t\t\t\tsetREVStartSize({c: 'rev_slider_3_1',rl:[1240,1024,778,480],el:[900,768,960,720],gw:[1240,1024,778,480],gh:[900,768,960,720],type:'standard',justify:'',layout:'fullwidth',mh:\"0\"});if (window.RS_MODULES!==undefined && window.RS_MODULES.modules!==undefined && window.RS_MODULES.modules[\"revslider31\"]!==undefined) {window.RS_MODULES.modules[\"revslider31\"].once = false;window.revapi3 = undefined;if (window.RS_MODULES.checkMinimal!==undefined) window.RS_MODULES.checkMinimal()}\n\t\t\t\t<\/script>\n\t\t\t<\/rs-module-wrap>\n\t\t\t<!-- END REVOLUTION SLIDER -->\n[\/vc_column][\/vc_row][vc_row full_width=\u00a0\u00bbstretch_row_content_no_spaces\u00a0\u00bb equal_height=\u00a0\u00bbyes\u00a0\u00bb one_page_section=\u00a0\u00bbyes\u00a0\u00bb one_page_label=\u00a0\u00bbNos formules\u00a0\u00bb one_page_slug=\u00a0\u00bbNos formules\u00a0\u00bb css=\u00a0\u00bb.vc_custom_1639665708347{margin-bottom: 0px !important;}\u00a0\u00bb el_class=\u00a0\u00bbresponsive-border\u00a0\u00bb][vc_column width=\u00a0\u00bb1\/2&Prime; vertical_align=\u00a0\u00bbmiddle\u00a0\u00bb css=\u00a0\u00bb.vc_custom_1639756130812{padding-top: 40px !important;padding-bottom: 40px !important;background-color: #03394d !important;}\u00a0\u00bb][vc_column_text css=\u00a0\u00bb.vc_custom_1643369157440{padding-bottom: 8px !important;}\u00a0\u00bb]<\/p>\n<h2 style=\"text-align: center;\"><span style=\"color: #ffffff;\"><span style=\"caret-color: #ffffff;\">Menu du midi<\/span><\/span><\/h2>\n<p>[\/vc_column_text][vc_btn title=\u00a0\u00bbVoir le menu\u00a0\u00bb style=\u00a0\u00bbcustom\u00a0\u00bb custom_background=\u00a0\u00bb#03394d\u00a0\u00bb custom_text=\u00a0\u00bb#ffffff\u00a0\u00bb size=\u00a0\u00bblg\u00a0\u00bb align=\u00a0\u00bbcenter\u00a0\u00bb button_block=\u00a0\u00bbtrue\u00a0\u00bb link=\u00a0\u00bburl:https%3A%2F%2Festime-restaurant.com%2Fmenus%2Fmenu-du-jour.pdf%3Fv%3D20241024|title:carte|target:_blank\u00a0\u00bb][vc_column_text]<\/p>\n<p style=\"text-align: center;\"><span style=\"color: #ffffff;\"><strong>Entr\u00e9e + Plat ou Plat + Dessert : 21.5\u20ac<br \/>\nEntr\u00e9e + Plat + Dessert : 25\u20ac<\/strong><\/span>[\/vc_column_text][\/vc_column][vc_column width=\u00a0\u00bb1\/2&Prime; css=\u00a0\u00bb.vc_custom_1641302730870{padding-top: 40px !important;padding-bottom: 40px !important;background-color: #ab8f57 !important;background-position: center !important;background-repeat: no-repeat !important;background-size: cover !important;}\u00a0\u00bb][vc_column_text css=\u00a0\u00bb.vc_custom_1641302635955{padding-bottom: 8px !important;}\u00a0\u00bb]<\/p>\n<h2 style=\"text-align: center;\"><span style=\"color: #ffffff;\"><span style=\"caret-color: #ffffff;\">\u00c0 la carte<\/span><\/span><\/h2>\n<p>[\/vc_column_text][vc_btn title=\u00a0\u00bbVoir la carte\u00a0\u00bb style=\u00a0\u00bbcustom\u00a0\u00bb custom_background=\u00a0\u00bb#ab8f57&Prime; custom_text=\u00a0\u00bb#ffffff\u00a0\u00bb size=\u00a0\u00bblg\u00a0\u00bb align=\u00a0\u00bbcenter\u00a0\u00bb button_block=\u00a0\u00bbtrue\u00a0\u00bb link=\u00a0\u00bburl:https%3A%2F%2Festime-restaurant.com%2Fmenus%2Fcarte.pdf|target:_blank\u00a0\u00bb][vc_column_text]<\/p>\n<p style=\"text-align: center;\"><strong><span style=\"color: #ffffff;\"><span style=\"caret-color: #ffffff;\">Suivant les saisons et vos envies.<\/span><\/span><\/strong><\/p>\n<p>[\/vc_column_text][\/vc_column][\/vc_row][vc_row full_width=\u00a0\u00bbstretch_row_content_no_spaces\u00a0\u00bb equal_height=\u00a0\u00bbyes\u00a0\u00bb one_page_section=\u00a0\u00bbyes\u00a0\u00bb one_page_label=\u00a0\u00bbEstime\u00a0\u00bb one_page_slug=\u00a0\u00bbEstime\u00a0\u00bb css=\u00a0\u00bb.vc_custom_1639761306512{margin-bottom: 0px !important;}\u00a0\u00bb][vc_column width=\u00a0\u00bb1\/2&Prime; vertical_align=\u00a0\u00bbmiddle\u00a0\u00bb el_class=\u00a0\u00bbp4&Prime;][vc_column_text css=\u00a0\u00bb.vc_custom_1752240483658{margin-bottom: 0px !important;}\u00a0\u00bb]<\/p>\n<p class=\"sub-title r-sub-title\" style=\"text-align: center;\"><span style=\"color: #000000;\"><strong>N\u00e9 de la passion d&rsquo;un fr\u00e8re et d&rsquo;une s\u0153ur, Estime allie convivialit\u00e9 et gourmandise. Valorisant la richesse des terroirs\u00a0<\/strong><\/span><span style=\"color: #000000;\"><span style=\"caret-color: #000000;\"><b><strong>fran\u00e7ais, le restaurant a r\u00e9cemment \u00e9t\u00e9 r\u00e9compens\u00e9 d&rsquo;un bib gourmand (guide Michelin)<\/strong><\/p>\n<p>[\/vc_column_text][vc_row_inner css=\u00a0\u00bb.vc_custom_1639759277177{margin-bottom: 50px !important;}\u00a0\u00bb][vc_column_inner width=\u00a0\u00bb1\/2&Prime;][vc_column_text]<\/p>\n<h2 class=\"block-title r-block-title\" style=\"text-align: center;\"><span style=\"color: #03394d;\">EST<\/span><span style=\"color: #b08e4c;\">elle<\/span><\/h2>\n<h5 class=\"block-title r-block-title\" style=\"text-align: center;\"><span style=\"color: #b08e4c;\">En salle<\/span><\/h5>\n<p style=\"text-align: center;\">Estelle saura vous recevoir dans un climat d\u00e9contract\u00e9 et chaleureux afin que vous passiez les meilleurs moments possibles.<\/p>\n<p>[\/vc_column_text][\/vc_column_inner][vc_column_inner width=\u00a0\u00bb1\/2&Prime;][vc_column_text]<\/p>\n<h2 class=\"block-title r-block-title\" style=\"text-align: center;\"><span style=\"color: #b08e4c;\">max<\/span><span style=\"color: #03394d;\">IME<\/span><\/h2>\n<h5 class=\"block-title r-block-title\" style=\"text-align: center;\"><span style=\"color: #b08e4c;\">En cuisine<\/span><\/h5>\n<p style=\"text-align: center;\">Maxime est constamment \u00e0 la recherche de nouvelles id\u00e9es pour vous surprendre avec sa cuisine gourmande et raffin\u00e9e.<\/p>\n<p>[\/vc_column_text][\/vc_column_inner][\/vc_row_inner][vc_row_inner][vc_column_inner][vc_column_text]<\/p>\n<p class=\"sub-title r-sub-title\" style=\"text-align: center;\"><span style=\"color: #000000;\"><strong>Et leur \u00e9quipe sont heureux de se joindre \u00e0 eux pour vous accueillir chez<\/strong><\/span><\/p>\n<p>[\/vc_column_text][\/vc_column_inner][\/vc_row_inner][vc_single_image image=\u00a0\u00bb180&Prime; img_size=\u00a0\u00bbmedium\u00a0\u00bb alignment=\u00a0\u00bbcenter\u00a0\u00bb css=\u00a0\u00bb.vc_custom_1639759098654{padding-top: -10px !important;}\u00a0\u00bb][\/vc_column][vc_column width=\u00a0\u00bb1\/2&Prime; el_class=\u00a0\u00bbimg-center-top\u00a0\u00bb css=\u00a0\u00bb.vc_custom_1648033382746{background-position: center !important;background-repeat: no-repeat !important;background-size: cover !important;}\u00a0\u00bb][vc_row_inner][vc_column_inner][vc_single_image image=\u00a0\u00bb299&Prime; img_size=\u00a0\u00bbfull\u00a0\u00bb][\/vc_column_inner][\/vc_row_inner][\/vc_column][\/vc_row][vc_row full_width=\u00a0\u00bbstretch_row_content_no_spaces\u00a0\u00bb content_placement=\u00a0\u00bbmiddle\u00a0\u00bb css=\u00a0\u00bb.vc_custom_1640161605029{margin-bottom: 0px !important;padding-top: 0px !important;background-color: #b08e4c !important;}\u00a0\u00bb][vc_column width=\u00a0\u00bb1\/2&Prime; vertical_align=\u00a0\u00bbmiddle\u00a0\u00bb el_class=\u00a0\u00bbp4&Prime; css=\u00a0\u00bb.vc_custom_1640161632951{padding-top: 0px !important;background-position: center !important;background-repeat: no-repeat !important;background-size: cover !important;}\u00a0\u00bb][vc_column_text css=\u00a0\u00bb.vc_custom_1641302907506{margin-bottom: 0px !important;}\u00a0\u00bb]<\/p>\n<h2 style=\"text-align: center;\"><span style=\"color: #ffffff;\"><span style=\"caret-color: #ffffff;\"><b>estime<\/b><\/span><\/span><\/h2>\n<p>[\/vc_column_text][vc_column_text css=\u00a0\u00bb.vc_custom_1643279645124{margin-bottom: 0px !important;}\u00a0\u00bb]<\/p>\n<p style=\"text-align: center;\"><span style=\"color: #ffffff;\"><b>E<\/b><b>stime<\/b>, c\u2019est le souci de vous satisfaire en \u00e9tant \u00e0 votre \u00e9coute et en s&rsquo;adaptant \u00e0 vos go\u00fbts.<\/span><\/p>\n<p style=\"text-align: center;\"><span style=\"color: #ffffff;\">Nous sommes convaincus que cette volont\u00e9 et l&rsquo;exp\u00e9rience de Maxime pour des tables gastronomiques, nous permettra de vous proposer une <b>cuisine inventive, de saison et gourmande avec une<\/b>\u00a0<b>ambiance d\u00e9contract\u00e9e et conviviale.<\/b><\/span><\/p>\n<p>[\/vc_column_text][\/vc_column][vc_column width=\u00a0\u00bb1\/2&Prime; vertical_align=\u00a0\u00bbmiddle\u00a0\u00bb css=\u00a0\u00bb.vc_custom_1452672934850{padding-top: 20px !important;padding-bottom: 20px !important;}\u00a0\u00bb][vc_column_text]\r\n<div id=\"sb_instagram\"  class=\"sbi sbi_mob_col_1 sbi_tab_col_2 sbi_col_4 sbi_width_resp\" style=\"padding-bottom: 10px;width: 100%;\" data-feedid=\"*1\"  data-res=\"auto\" data-cols=\"4\" data-colsmobile=\"1\" data-colstablet=\"2\" data-num=\"8\" data-nummobile=\"\" data-shortcode-atts=\"{}\"  data-postid=\"37\" data-locatornonce=\"4d72fde4ac\" data-sbi-flags=\"favorLocal,gdpr\">\r\n\t\r\n    <div id=\"sbi_images\"  style=\"padding: 5px;\">\r\n\t\t    <\/div>\r\n\r\n\t<div id=\"sbi_load\" >\r\n\r\n\t\r\n\t\r\n<\/div>\r\n\r\n\t    <span class=\"sbi_resized_image_data\" data-feed-id=\"*1\" data-resized=\"[]\">\n\t<\/span>\n\t<\/div>\r\n\r\n[\/vc_column_text][\/vc_column][\/vc_row][vc_row one_page_section=\u00a0\u00bbyes\u00a0\u00bb one_page_label=\u00a0\u00bbNous contacter\u00a0\u00bb one_page_slug=\u00a0\u00bbNous contacter\u00a0\u00bb css=\u00a0\u00bb.vc_custom_1650612927032{margin-bottom: 0px !important;padding-top: 90px !important;padding-bottom: 60px !important;}\u00a0\u00bb el_id=\u00a0\u00bbNous contacter\u00a0\u00bb][vc_column width=\u00a0\u00bb1\/2&Prime;][vc_column_text]<\/p>\n<h5 style=\"font-size: 13px; margin-bottom: 25px; color: #333;\">ADRESSE<\/h5>\n<p style=\"color: #acafba; line-height: 24px; text-align: left; margin-top: 0; margin-bottom: 0;\">15 rue du Chapitre<br \/>\n35000 Rennes<\/p>\n<p>&nbsp;<\/p>\n<h5 style=\"font-size: 13px; margin-bottom: 25px; color: #333;\">HORAIRES<\/h5>\n<p style=\"color: #acafba; line-height: 24px; text-align: left; margin-top: 0; margin-bottom: 0;\">du mardi au samedi<\/p>\n<p style=\"color: #acafba; line-height: 24px; text-align: left; margin-top: 0; margin-bottom: 0;\">12h-14h<\/p>\n<p style=\"color: #acafba; line-height: 24px; text-align: left; margin-top: 0; margin-bottom: 0;\">19h-22h<\/p>\n<p>[\/vc_column_text][vc_column_text]<\/p>\n<h5 style=\"font-size: 13px; margin-bottom: 25px; margin-top: 50px; color: #333;\">T\u00c9L\u00c9PHONE<\/h5>\n<p><a href=\"tel:+33222669042\">02.22.66.90.42<\/a><\/p>\n<h5 style=\"font-size: 13px; margin-bottom: 25px; margin-top: 50px; color: #333;\">EMAIL<\/h5>\n<p><a href=\"mailto:restaurant.estime@gmail.com\">restaurant.estime@gmail.com<\/a>[\/vc_column_text][\/vc_column][vc_column width=\u00a0\u00bb1\/2&Prime;][vc_column_text el_id=\u00a0\u00bbreserver\u00a0\u00bb]<\/p>\n<h5 style=\"font-size: 13px; margin-bottom: 25px; color: #333;\">R\u00c9SERVER UNE TABLE<\/h5>\n<p>[\/vc_column_text][vc_raw_html]JTNDaWZyYW1lJTIwc3JjJTNEJTI3aHR0cHMlM0ElMkYlMkZib29raW5ncy56ZW5jaGVmLmNvbSUyRnJlc3VsdHMlM0ZyaWQlM0QzNTcxODIlMjZwaWQlM0QxMDAxJTI2ZnVsbHNjcmVlbiUzRDElMjclMjBmcmFtZWJvcmRlciUzRCUyNzAlMjclMjBzY3JvbGxpbmclM0QlMjd5ZXMlMjclMjB3aWR0aCUzRCUyNzEwMCUyNSUyNyUyMGhlaWdodCUzRCUyNzYzMCUyNyUyMHN0eWxlJTNEJTI3ZGlzcGxheSUzQSUyMGJsb2NrJTNCJTIwbWFyZ2luJTNBJTIwMCUyMGF1dG8lM0IlMjBtYXgtd2lkdGglM0ElMjA2MDBweCUzQiUyMGhlaWdodCUzQTYzMHB4JTNCJTI3JTNFJTNDJTJGaWZyYW1lJTNF[\/vc_raw_html][\/vc_column][\/vc_row][vc_row][vc_column][vc_raw_html][\/vc_raw_html][\/vc_column][\/vc_row]<\/p>\n","protected":false},"excerpt":{"rendered":"<p>[vc_row full_width=\u00a0\u00bbstretch_row_content_no_spaces\u00a0\u00bb equal_height=\u00a0\u00bbyes\u00a0\u00bb content_placement=\u00a0\u00bbmiddle\u00a0\u00bb one_page_section=\u00a0\u00bbyes\u00a0\u00bb css=\u00a0\u00bb.vc_custom_1639666279163{margin-bottom: 0px !important;}\u00a0\u00bb el_class=\u00a0\u00bbresponsive-border\u00a0\u00bb][vc_column]<\/p>\n<p class=\"rs-p-wp-fix\">\n<p>Nous sommes ouverts du mardi au samedi<br \/>\n de 12h \u00e0 14h &#038; de 19h \u00e0 22h  <\/p>\n<p>\t\t\t\t\t\t\tR\u00e9server une table  <\/p>\n<p>[\/vc_column][\/vc_row][vc_row full_width=\u00a0\u00bbstretch_row_content_no_spaces\u00a0\u00bb equal_height=\u00a0\u00bbyes\u00a0\u00bb one_page_section=\u00a0\u00bbyes\u00a0\u00bb one_page_label=\u00a0\u00bbNos formules\u00a0\u00bb one_page_slug=\u00a0\u00bbNos formules\u00a0\u00bb css=\u00a0\u00bb.vc_custom_1639665708347{margin-bottom: 0px !important;}\u00a0\u00bb el_class=\u00a0\u00bbresponsive-border\u00a0\u00bb][vc_column width=\u00a0\u00bb1\/2&Prime; vertical_align=\u00a0\u00bbmiddle\u00a0\u00bb css=\u00a0\u00bb.vc_custom_1639756130812{padding-top: 40px !important;padding-bottom: 40px !important;background-color: #03394d !important;}\u00a0\u00bb][vc_column_text css=\u00a0\u00bb.vc_custom_1643369157440{padding-bottom: 8px !important;}\u00a0\u00bb]<\/p>\n<p>Menu du midi<\/p>\n<p>[\/vc_column_text][vc_btn title=\u00a0\u00bbVoir le menu\u00a0\u00bb style=\u00a0\u00bbcustom\u00a0\u00bb custom_background=\u00a0\u00bb#03394d\u00a0\u00bb custom_text=\u00a0\u00bb#ffffff\u00a0\u00bb size=\u00a0\u00bblg\u00a0\u00bb align=\u00a0\u00bbcenter\u00a0\u00bb button_block=\u00a0\u00bbtrue\u00a0\u00bb link=\u00a0\u00bburl:https%3A%2F%2Festime-restaurant.com%2Fmenus%2Fmenu-du-jour.pdf%3Fv%3D20241024|title:carte|target:_blank\u00a0\u00bb][vc_column_text]<\/p>\n<p style=\"text-align: center;\">Entr\u00e9e + Plat ou Plat + Dessert : 21.5\u20ac<br \/>\nEntr\u00e9e + Plat [&#8230;]<\/p>\n","protected":false},"author":1,"featured_media":0,"parent":0,"menu_order":0,"comment_status":"closed","ping_status":"closed","template":"","meta":{"footnotes":""},"class_list":["post-37","page","type-page","status-publish","hentry"],"_links":{"self":[{"href":"https:\/\/estime-restaurant.com\/index.php?rest_route=\/wp\/v2\/pages\/37","targetHints":{"allow":["GET"]}}],"collection":[{"href":"https:\/\/estime-restaurant.com\/index.php?rest_route=\/wp\/v2\/pages"}],"about":[{"href":"https:\/\/estime-restaurant.com\/index.php?rest_route=\/wp\/v2\/types\/page"}],"author":[{"embeddable":true,"href":"https:\/\/estime-restaurant.com\/index.php?rest_route=\/wp\/v2\/users\/1"}],"replies":[{"embeddable":true,"href":"https:\/\/estime-restaurant.com\/index.php?rest_route=%2Fwp%2Fv2%2Fcomments&post=37"}],"version-history":[{"count":178,"href":"https:\/\/estime-restaurant.com\/index.php?rest_route=\/wp\/v2\/pages\/37\/revisions"}],"predecessor-version":[{"id":337,"href":"https:\/\/estime-restaurant.com\/index.php?rest_route=\/wp\/v2\/pages\/37\/revisions\/337"}],"wp:attachment":[{"href":"https:\/\/estime-restaurant.com\/index.php?rest_route=%2Fwp%2Fv2%2Fmedia&parent=37"}],"curies":[{"name":"wp","href":"https:\/\/api.w.org\/{rel}","templated":true}]}}